{"id":10,"date":"2020-08-18T13:45:54","date_gmt":"2020-08-18T13:45:54","guid":{"rendered":"https:\/\/valeriagayoso.wordpress.com\/?page_id=8"},"modified":"2023-08-28T13:24:42","modified_gmt":"2023-08-28T13:24:42","slug":"about","status":"publish","type":"page","link":"https:\/\/valeriagayoso.com.ar\/index.php\/about\/","title":{"rendered":"Bio"},"content":{"rendered":"\n<p class=\"has-heading-color has-text-color has-small-font-size\">Hace 16 a\u00f1os que me dedico al fortalecimiento de organizaciones sin fines de lucro. Previamente trabaj\u00e9 12 a\u00f1os en el \u00e1mbito privado. Actualmente trabajo en&nbsp;<strong>planificaci\u00f3n estrat\u00e9gica<\/strong>&nbsp;<strong>de fundraising y engagement y en proyectos de innovaci\u00f3n para ONG\u00b4s nacionales e internacionales. Coordino el Club de Fundraising<\/strong>, la primera comunidad digital global que acerca tendencias del fundraising global en espa\u00f1ol a ONG\u00b4s y fundraisers de Iberoam\u00e9rica. Form\u00e9 parte de un equipo interdisciplinario de fundraisers y cient\u00edficos, liderado por una consultora internacional, para la investigaci\u00f3n de&nbsp;<strong>econom\u00eda del comportamiento y neurociencias aplicado a fundraising y engagement.<\/strong>&nbsp;Fui&nbsp;<strong>Directora Ejecutiva de la ONG Alianza \u00c1rboles<\/strong>, donde gest\u00e9 una red para movilizar a a las personas y organizaciones con la misi\u00f3n de promover y concretar la inclusi\u00f3n social a trav\u00e9s de la creaci\u00f3n de espacios verdes p\u00fablicos. En ese per\u00edodo su proyecto&nbsp;<strong>\u00a8Jardines Bot\u00e1nicos Comunitarios\u00a8&nbsp;<\/strong>recibi\u00f3 tres veces consecutivas el Grant que otorga la empresa Patagonia con sede en&nbsp;<em>EEUU<\/em>&nbsp;,&nbsp;<strong>\u00a8Patagonia Environmental Grants\u00a8<\/strong>, por generar un movimiento para cuidar el medio ambiente a trav\u00e9s de la participaci\u00f3n comunitaria, trabajar con transparencia y generar impacto social y ambiental. Ex alumna de el&nbsp;<strong>Mundo de las Ideas&nbsp;<\/strong>2015, curso para potenciar la creatividad y llevar a la acci\u00f3n ideas innovadoras.<\/p>\n\n\n\n<p><\/p>\n\n\n\n<div class=\"wp-block-cover\" style=\"min-height:430px;aspect-ratio:unset;\"><span aria-hidden=\"true\" class=\"wp-block-cover__background has-background-dim\"><\/span><img loading=\"lazy\" decoding=\"async\" width=\"960\" height=\"636\" class=\"wp-block-cover__image-background wp-image-147\" alt=\"\" src=\"https:\/\/valeriagayoso.com.ar\/wp-content\/uploads\/2020\/08\/mundo-ideas-4-e1598187767453.jpg\" data-object-fit=\"cover\" srcset=\"https:\/\/valeriagayoso.com.ar\/wp-content\/uploads\/2020\/08\/mundo-ideas-4-e1598187767453.jpg 960w, https:\/\/valeriagayoso.com.ar\/wp-content\/uploads\/2020\/08\/mundo-ideas-4-e1598187767453-300x199.jpg 300w, https:\/\/valeriagayoso.com.ar\/wp-content\/uploads\/2020\/08\/mundo-ideas-4-e1598187767453-768x509.jpg 768w\" sizes=\"(max-width: 960px) 100vw, 960px\" \/><div class=\"wp-block-cover__inner-container is-layout-flow wp-block-cover-is-layout-flow\">\n<p class=\"has-text-align-center has-primary-color has-text-color has-large-font-size\">Una mirada estrat\u00e9gica, humana,creativa e innovadora<\/p>\n<\/div><\/div>\n\n\n\n<p><\/p>\n\n\n\n<div class=\"wp-block-group has-global-padding is-layout-constrained wp-block-group-is-layout-constrained\" style=\"margin-top:0px;margin-bottom:0px;padding-top:60px;padding-right:20px;padding-bottom:60px;padding-left:20px\">\n<div class=\"wp-block-group alignwide is-layout-flow wp-block-group-is-layout-flow\">\n<div class=\"wp-block-group has-global-padding is-layout-constrained wp-block-group-is-layout-constrained\">\n<div class=\"wp-block-query is-layout-flow wp-block-query-is-layout-flow\">\n<div class=\"wp-block-columns is-layout-flex wp-container-core-columns-is-layout-1 wp-block-columns-is-layout-flex\">\n<div class=\"wp-block-column is-layout-flow wp-block-column-is-layout-flow\" style=\"flex-basis:50%\">\n<figure class=\"wp-block-gallery has-nested-images columns-default is-cropped wp-block-gallery-1 is-layout-flex wp-block-gallery-is-layout-flex\">\n<figure class=\"wp-block-image size-full\"><img loading=\"lazy\" decoding=\"async\" width=\"625\" height=\"542\" src=\"https:\/\/valeriagayoso.com.ar\/wp-content\/uploads\/2023\/08\/changeb-2.png\" alt=\"\" class=\"wp-image-823\" srcset=\"https:\/\/valeriagayoso.com.ar\/wp-content\/uploads\/2023\/08\/changeb-2.png 625w, https:\/\/valeriagayoso.com.ar\/wp-content\/uploads\/2023\/08\/changeb-2-300x260.png 300w\" sizes=\"(max-width: 625px) 100vw, 625px\" \/><\/figure>\n<\/figure>\n<\/div>\n\n\n\n<div class=\"wp-block-column is-layout-flow wp-block-column-is-layout-flow\" style=\"flex-basis:50%\">\n<h2 class=\"wp-block-heading has-heading-color has-text-color has-regular-font-size\"><strong>Colaboraci\u00f3n en el libro &#8220;Change for Better&#8221;&nbsp;de los autores Bernard Ross, Madeleine Croucher, Omar Mahmoud, Meredith Niles.<\/strong><\/h2>\n<\/div>\n<\/div>\n<\/div>\n\n\n\n<hr class=\"wp-block-separator has-text-color has-secondary-color has-alpha-channel-opacity has-secondary-background-color has-background is-style-wide\"\/>\n\n\n\n<div class=\"wp-block-columns is-layout-flex wp-container-core-columns-is-layout-2 wp-block-columns-is-layout-flex\">\n<div class=\"wp-block-column is-layout-flow wp-block-column-is-layout-flow\">\n<figure class=\"wp-block-image size-full\"><img loading=\"lazy\" decoding=\"async\" width=\"625\" height=\"542\" src=\"https:\/\/valeriagayoso.com.ar\/wp-content\/uploads\/2023\/08\/ctga-1.png\" alt=\"\" class=\"wp-image-824\" srcset=\"https:\/\/valeriagayoso.com.ar\/wp-content\/uploads\/2023\/08\/ctga-1.png 625w, https:\/\/valeriagayoso.com.ar\/wp-content\/uploads\/2023\/08\/ctga-1-300x260.png 300w\" sizes=\"(max-width: 625px) 100vw, 625px\" \/><\/figure>\n<\/div>\n\n\n\n<div class=\"wp-block-column is-layout-flow wp-block-column-is-layout-flow\">\n<h2 class=\"wp-block-heading has-regular-font-size\"><strong>Training of Trainers Bolivia 2022, organizado por Change the Game Academy de la Fundaci\u00f3n Wilde Ganzen de los Pa\u00edses Bajos junto a aliados de la Regi\u00f3n Andina.<\/strong><\/h2>\n<\/div>\n<\/div>\n<\/div>\n<\/div>\n\n\n\n<div class=\"wp-block-group has-global-padding is-layout-constrained wp-block-group-is-layout-constrained\">\n<div class=\"wp-block-columns is-layout-flex wp-container-core-columns-is-layout-3 wp-block-columns-is-layout-flex\">\n<div class=\"wp-block-column is-layout-flow wp-block-column-is-layout-flow\">\n<hr class=\"wp-block-separator has-text-color has-secondary-color has-alpha-channel-opacity has-secondary-background-color has-background is-style-wide\"\/>\n<\/div>\n<\/div>\n<\/div>\n\n\n\n<div class=\"wp-block-columns is-layout-flex wp-container-core-columns-is-layout-4 wp-block-columns-is-layout-flex\">\n<div class=\"wp-block-column is-layout-flow wp-block-column-is-layout-flow\">\n<figure class=\"wp-block-image size-full\"><img loading=\"lazy\" decoding=\"async\" width=\"625\" height=\"542\" src=\"https:\/\/valeriagayoso.com.ar\/wp-content\/uploads\/2023\/08\/RF.png\" alt=\"\" class=\"wp-image-817\" srcset=\"https:\/\/valeriagayoso.com.ar\/wp-content\/uploads\/2023\/08\/RF.png 625w, https:\/\/valeriagayoso.com.ar\/wp-content\/uploads\/2023\/08\/RF-300x260.png 300w\" sizes=\"(max-width: 625px) 100vw, 625px\" \/><\/figure>\n<\/div>\n\n\n\n<div class=\"wp-block-column is-layout-flow wp-block-column-is-layout-flow\">\n<h2 class=\"wp-block-heading has-heading-color has-text-color has-regular-font-size\"><strong><strong>Reconocimientos <a rel=\"noreferrer noopener\" href=\"https:\/\/reimaginingfundraising.hypeinnovation.com\/servlet\/hype\/IMT?userAction=BrowseCurrentUser&amp;templateName=MenuItem\" target=\"_blank\">ReImagining Fundraising<\/a><\/strong><\/strong><\/h2>\n<\/div>\n<\/div>\n\n\n\n<hr class=\"wp-block-separator has-text-color has-secondary-color has-alpha-channel-opacity has-secondary-background-color has-background is-style-wide\"\/>\n\n\n\n<div class=\"wp-block-columns is-layout-flex wp-container-core-columns-is-layout-5 wp-block-columns-is-layout-flex\">\n<div class=\"wp-block-column is-layout-flow wp-block-column-is-layout-flow\">\n<figure class=\"wp-block-image size-full\"><img loading=\"lazy\" decoding=\"async\" width=\"625\" height=\"542\" src=\"https:\/\/valeriagayoso.com.ar\/wp-content\/uploads\/2023\/08\/alianza.png\" alt=\"\" class=\"wp-image-819\" srcset=\"https:\/\/valeriagayoso.com.ar\/wp-content\/uploads\/2023\/08\/alianza.png 625w, https:\/\/valeriagayoso.com.ar\/wp-content\/uploads\/2023\/08\/alianza-300x260.png 300w\" sizes=\"(max-width: 625px) 100vw, 625px\" \/><\/figure>\n<\/div>\n\n\n\n<div class=\"wp-block-column is-layout-flow wp-block-column-is-layout-flow\">\n<h2 class=\"wp-block-heading has-regular-font-size\"><strong>Jornada de voluntariado corporativo.<\/strong><\/h2>\n<\/div>\n<\/div>\n<\/div>\n\n\n\n<p><\/p>\n","protected":false},"excerpt":{"rendered":"<p>Hace 16 a\u00f1os que me dedico al fortalecimiento de organizaciones sin fines de lucro. Previamente trabaj\u00e9 12 a\u00f1os en el \u00e1mbito privado. Actualmente trabajo en&nbsp;planificaci\u00f3n estrat\u00e9gica&nbsp;de fundraising y engagement y en proyectos de innovaci\u00f3n para ONG\u00b4s nacionales e internacionales. Coordino el Club de Fundraising, la primera comunidad digital global que acerca tendencias del fundraising global [&hellip;]<\/p>\n","protected":false},"author":1,"featured_media":0,"parent":0,"menu_order":0,"comment_status":"closed","ping_status":"closed","template":"","meta":{"footnotes":""},"_links":{"self":[{"href":"https:\/\/valeriagayoso.com.ar\/index.php\/wp-json\/wp\/v2\/pages\/10"}],"collection":[{"href":"https:\/\/valeriagayoso.com.ar\/index.php\/wp-json\/wp\/v2\/pages"}],"about":[{"href":"https:\/\/valeriagayoso.com.ar\/index.php\/wp-json\/wp\/v2\/types\/page"}],"author":[{"embeddable":true,"href":"https:\/\/valeriagayoso.com.ar\/index.php\/wp-json\/wp\/v2\/users\/1"}],"replies":[{"embeddable":true,"href":"https:\/\/valeriagayoso.com.ar\/index.php\/wp-json\/wp\/v2\/comments?post=10"}],"version-history":[{"count":19,"href":"https:\/\/valeriagayoso.com.ar\/index.php\/wp-json\/wp\/v2\/pages\/10\/revisions"}],"predecessor-version":[{"id":844,"href":"https:\/\/valeriagayoso.com.ar\/index.php\/wp-json\/wp\/v2\/pages\/10\/revisions\/844"}],"wp:attachment":[{"href":"https:\/\/valeriagayoso.com.ar\/index.php\/wp-json\/wp\/v2\/media?parent=10"}],"curies":[{"name":"wp","href":"https:\/\/api.w.org\/{rel}","templated":true}]}}